{"id":576,"date":"2021-04-12T02:40:35","date_gmt":"2021-04-12T02:40:35","guid":{"rendered":"http:\/\/31143.nhandh.vinawebsite.vn\/gioi-thieu\/"},"modified":"2021-04-15T03:27:51","modified_gmt":"2021-04-15T03:27:51","slug":"introduce","status":"publish","type":"page","link":"https:\/\/ttc-techedu.vn\/en\/introduce\/","title":{"rendered":"Introduce"},"content":{"rendered":"<p><strong>Gi\u1edbi thi\u1ec7u LogicBUY<\/strong><\/p>\n<p>C\u00f4ng ty LogicBUY v\u1edbi h\u01a1n 15 n\u0103m kinh nghi\u1ec7m trong l\u0129nh v\u1ef1c cung c\u1ea5p thi\u1ebft b\u1ecb v\u00e0 gi\u1ea3i ph\u00e1p cho Gi\u00e1o d\u1ee5c, V\u0103n ph\u00f2ng. M\u1ee5c ti\u00eau tr\u1edf th\u00e0nh nh\u00e0 nh\u1eadp kh\u1ea9u v\u00e0 ph\u00e2n ph\u1ed1i h\u00e0ng \u0111\u1ea7u Vi\u1ec7t Nam v\u1ec1 gi\u1ea3i ph\u00e1p, thi\u1ebft b\u1ecb gi\u00e1o d\u1ee5c, gi\u1ea3i ph\u00e1p thi\u1ec3t b\u1ecb qu\u1ea3n l\u00fd nh\u00e2n c\u00f4ng.., C\u00f4ng ty c\u00f3 tr\u1ee5 s\u1edf t\u1ea1i Tp HCM, chi nh\u00e1nh t\u1ea1i H\u00e0 N\u1ed9i v\u00e0 \u0110\u00e0 N\u1eb5ng, t\u1ed5ng s\u1ed1 60 c\u00e1n b\u1ed9 nh\u00e2n vi\u00ean tr\u00ean to\u00e0n qu\u1ed1c.<\/p>\n<p>V\u1edbi ph\u01b0\u01a1ng ch\u00e2m \u201cT\u1eadn t\u1ee5y v\u1edbi Kh\u00e1ch H\u00e0ng, T\u1eadn t\u00e2m v\u1edbi c\u00f4ng vi\u1ec7c\u201d, \u00a0LogicBUY lu\u00f4n kh\u00f4ng ng\u1eebng nghi\u00ean c\u1ee9u v\u00e0 ph\u00e1t tri\u1ec3n nhi\u1ec1u s\u1ea3n ph\u1ea9m v\u00e0 gi\u1ea3i ph\u00e1p m\u1edbi nh\u1eb1m \u0111em l\u1ea1i l\u1ee3i \u00edch t\u1ed1i \u0111a cho kh\u00e1ch h\u00e0ng s\u1eed d\u1ee5ng. \u0110\u1ed3ng th\u1eddi, vi\u1ec7c \u0111\u1ea9y m\u1ea1nh h\u1ee3p t\u00e1c v\u1edbi c\u00e1c \u0111\u1ed1i t\u00e1c l\u1edbn tr\u00ean th\u1ebf gi\u1edbi \u0111\u1ec3 \u0111\u01b0a v\u1ec1 Vi\u1ec7t Nam l\u00e0 nh\u1eefng h\u01b0\u1edbng \u0111i \u0111\u01b0\u1ee3c tri\u1ec3n khai m\u1ea1nh m\u1ebd, n\u00e2ng cao h\u01a1n n\u1eefa v\u1ecb th\u1ebf c\u1ee7a LogicBUY n\u00f3i ri\u00eang v\u00e0 g\u00f3p ph\u1ea7n kh\u00f4ng nh\u1ecf trong c\u00f4ng cu\u1ed9c c\u00f4ng nghi\u1ec7p h\u00f3a v\u00e0 hi\u1ec7n \u0111\u1ea1i h\u00f3a \u0111\u1ea5t n\u01b0\u1edbc c\u1ee7a \u0110\u1ea3ng v\u00e0 nh\u00e0 n\u01b0\u1edbc.<\/p>\n<p><strong>S\u1ea3n ph\u1ea9m, gi\u1ea3i ph\u00e1p<\/strong><\/p>\n<ul>\n<li>M\u00e1y chi\u1ebfu v\u0103n ph\u00f2ng, gi\u00e1o d\u1ee5c, gi\u1ea3i tr\u00ed v\u00e0 chuy\u00ean d\u1ee5ng c\u1ee7a h\u00e3ng ViewSonic \u2013 M\u1ef9<\/li>\n<li>M\u00e1y chi\u1ebfu v\u0103n ph\u00f2ng, gi\u00e1o d\u1ee5c, gi\u1ea3i tr\u00ed v\u00e0 chuy\u00ean d\u1ee5ng c\u1ee7a h\u00e3ng Vivitek \u2013 S\u1ed1 1 EU<\/li>\n<li>H\u1ec7 th\u1ed1ng m\u00e1y ch\u1ea5m c\u00f4ng, ki\u1ec3m so\u00e1t c\u1eeda, ph\u1ea7n m\u1ec1m qu\u1ea3n l\u00fd nh\u00e2n s\u1ef1 c\u1ee7a h\u00e3ng Ronald Jack; Zando, Heute, Aikyo. Thi\u1ebft b\u1ecb ki\u1ec3m so\u00e1t an ninh, kh\u00f3a t\u1eeb cho kh\u00e1ch s\u1ea1n, kh\u00f3a c\u1eeda th\u00f4ng minh ZKteco<\/li>\n<li>Cung c\u1ea5p gi\u1ea3i ph\u00e1p thi\u1ebft b\u1ecb h\u1ed9i ngh\u1ecb truy\u1ec1n h\u00ecnh, thi\u1ebft b\u1ecb h\u1ed9i th\u1ea3o<\/li>\n<li>Cung c\u1ea5p thi\u1ebft b\u1ecb, gi\u1ea3i ph\u00e1p cho ph\u00f2ng h\u1ecdc th\u00f4ng minh, nh\u00e0 tr\u01b0\u1eddng \u0111i\u1ec7n t\u1eed<\/li>\n<li>Cung c\u1ea5p thi\u1ebft b\u1ecb v\u00e0 gi\u1ea3i ph\u00e1p cho v\u0103n ph\u00f2ng th\u00f4ng minh<\/li>\n<\/ul>\n<p><strong><u>\u00dd ngh\u0129a Logo<\/u><\/strong><strong><u><br \/>\n<\/u><\/strong><\/p>\n<p><img loading=\"lazy\" decoding=\"async\" class=\"size-full wp-image-838 aligncenter\" src=\"http:\/\/31143.nhandh.vinawebsite.vn\/wp-content\/uploads\/2021\/04\/gioi-thieu-16.jpg\" sizes=\"auto, (max-width: 851px) 100vw, 851px\" srcset=\"http:\/\/31143.nhandh.vinawebsite.vn\/wp-content\/uploads\/2021\/04\/gioi-thieu-16.jpg 851w, https:\/\/logicbuy.vn\/wp-content\/uploads\/2019\/04\/Logo-LogicBUY-768x284.jpg 768w\" alt=\"\" width=\"851\" height=\"315\" \/><\/p>\n<p>Logo LogicBUY \u0111\u01b0\u1ee3c c\u1ea5u t\u1ea1o b\u1edfi 2 t\u1eeb: LOGIC (li\u00ean k\u1ebft) v\u00e0 BUY (mua) khi k\u1ebft h\u1ee3p l\u1ea1i th\u00e0n m\u1ed9t kh\u1ed1i th\u1ed1ng nh\u1ea5t th\u1ec3 hi\u1ec7n m\u1ee5c ti\u00eau kinh doanh c\u1ee7a C\u00f4ng ty l\u00e0 kinh doanh c\u00f3 k\u1ebf th\u1eeba, li\u00ean k\u1ebft c\u00e1c s\u1ea3n ph\u1ea9m l\u1ea1i th\u00e0nh c\u00e1c gi\u1ea3i ph\u00e1p \u0111\u1ec3 t\u1ea1o ra nh\u1eefng gi\u00e1 tr\u1ecb gia t\u0103ng cho kh\u00e1ch h\u00e0ng.\u00a0 M\u00e0u xanh v\u00e0 m\u00e0u tr\u1eafng truy\u1ec1n t\u1ea3i th\u00f4ng \u0111i\u1ec7p v\u1ec1 cam k\u1ebft gi\u00e1 tr\u1ecb trong hi\u1ec7n t\u1ea1i v\u00e0 h\u01b0\u1edbng t\u1edbi t\u01b0\u01a1ng lai t\u1ed1t \u0111\u1eb9p h\u01a1n cho kh\u00e1ch h\u00e0ng v\u00e0 c\u00e1c th\u00e0nh vi\u00ean trong c\u00f4ng ty.<\/p>\n<p><em><strong>Trong \u0111\u00f3:<\/strong><\/em><br \/>\n\u2013 M\u00e0u xanh mang \u00fd ngh\u0129a bi\u1ec3u \u0111\u1ea1t s\u1ef1 b\u00ecnh y\u00ean v\u00e0 hy v\u1ecdng v\u00e0o t\u01b0\u01a1ng lai.<br \/>\n\u2013 M\u00e0u tr\u1eafng th\u1ec3 hi\u1ec7n t\u00ednh chuy\u00ean nghi\u1ec7p v\u00e0 trung th\u1ef1c khi ph\u1ee5c v\u1ee5 kh\u00e1ch h\u00e0ng.<br \/>\n\u2013 Bi\u1ec3u t\u01b0\u1ee3ng m\u0169i t\u00ean th\u1ec3 hi\u1ec7n kh\u00e1t khao h\u01b0\u1edbng v\u1ec1 ph\u00eda tr\u01b0\u1edbc, h\u01b0\u1edbng \u0111\u1ebfn m\u1ee5c ti\u00eau v\u00e0 mong mu\u1ed1n v\u01b0\u1edbn xa v\u1edbi t\u1ea7m nh\u00ecn chi\u1ebfn l\u01b0\u1ee3c t\u1ea1i Vi\u1ec7t Nam, c\u00e1c n\u01b0\u1edbc trong khu v\u1ef1c v\u00e0 th\u1ebf gi\u1edbi. m\u1eb7t kh\u00e1ch m\u0169i t\u00ean l\u00e0 bi\u1ec3u t\u01b0\u1ee3ng h\u01b0\u1edbng \u0111\u1ebfn nh\u1eefng gi\u00e1 tr\u1ecb t\u1ed1t \u0111\u1eb9p cho kh\u00e1ch h\u00e0ng v\u00e0 c\u00e1c th\u00e0nh vi\u00ean c\u00f4ng ty th\u1eddi \u0111i\u1ec3m hi\u1ec7n t\u1ea1i v\u00e0 t\u01b0\u01a1ng lai<\/p>\n<p><strong>Tri\u1ebft l\u00fd:<br \/>\n<\/strong><\/p>\n<p>\u201cThay \u0111\u1ed5i c\u00f4ng ngh\u1ec7 \u2013 Thay \u0111\u1ed5i cu\u1ed9c s\u1ed1ng\u201d \u2013 T\u1ea1i \u0111\u00e2y ch\u00fang t\u00f4i lu\u00f4n c\u1ed1 g\u1eafng v\u1eadn d\u1ee5ng t\u1ea5t c\u00e1c c\u00e1c c\u00f4ng ngh\u1ec7 ti\u00ean ti\u1ebfn nh\u1ea5t trong l\u0129nh v\u1ef1c khoa h\u1ecdc c\u00f4ng ngh\u1ec7 \u0111\u1ec3 ph\u1ee5c v\u1ee5 t\u1ed1t nh\u1ea5t nhu c\u1ea7u c\u1ee7a kh\u00e1ch h\u00e0ng, gi\u00fap cho cu\u1ed9c s\u1ed1ng tr\u1edf n\u00ean tho\u1ea3i m\u00e1i, an to\u00e0n v\u00e0 h\u1ea1nh ph\u00fac h\u01a1n.<\/p>\n","protected":false},"excerpt":{"rendered":"<p>Gi\u1edbi thi\u1ec7u LogicBUY C\u00f4ng ty LogicBUY v\u1edbi h\u01a1n 15 n\u0103m kinh nghi\u1ec7m trong l\u0129nh v\u1ef1c cung c\u1ea5p thi\u1ebft b\u1ecb v\u00e0 gi\u1ea3i ph\u00e1p cho Gi\u00e1o d\u1ee5c, V\u0103n ph\u00f2ng. M\u1ee5c ti\u00eau tr\u1edf th\u00e0nh nh\u00e0 nh\u1eadp kh\u1ea9u v\u00e0 ph\u00e2n ph\u1ed1i h\u00e0ng \u0111\u1ea7u Vi\u1ec7t Nam v\u1ec1 gi\u1ea3i ph\u00e1p, thi\u1ebft b\u1ecb gi\u00e1o d\u1ee5c, gi\u1ea3i ph\u00e1p thi\u1ec3t b\u1ecb qu\u1ea3n l\u00fd nh\u00e2n<\/p>\n","protected":false},"author":1,"featured_media":0,"parent":0,"menu_order":0,"comment_status":"closed","ping_status":"closed","template":"page-blank-title-center.php","meta":{"footnotes":""},"class_list":["post-576","page","type-page","status-publish","hentry"],"yoast_head":"<!-- This site is optimized with the Yoast SEO plugin v25.8 - https:\/\/yoast.com\/wordpress\/plugins\/seo\/ -->\n<title>Introduce - C\u00d4NG TY C\u00d4\u0309 PH\u00c2\u0300N \u0110\u00c2\u0300U T\u01af C\u00d4NG NGH\u00ca\u0323 GIA\u0301O DU\u0323C VA\u0300 TH\u01af\u01a0NG MA\u0323I TTC<\/title>\n<meta name=\"robots\" content=\"index, follow, max-snippet:-1, max-image-preview:large, max-video-preview:-1\" \/>\n<link rel=\"canonical\" href=\"https:\/\/ttc-techedu.vn\/gioi-thieu\/\" \/>\n<meta property=\"og:locale\" content=\"en_US\" \/>\n<meta property=\"og:type\" content=\"article\" \/>\n<meta property=\"og:title\" content=\"Introduce - C\u00d4NG TY C\u00d4\u0309 PH\u00c2\u0300N \u0110\u00c2\u0300U T\u01af C\u00d4NG NGH\u00ca\u0323 GIA\u0301O DU\u0323C VA\u0300 TH\u01af\u01a0NG MA\u0323I TTC\" \/>\n<meta property=\"og:description\" content=\"Gi\u1edbi thi\u1ec7u LogicBUY C\u00f4ng ty LogicBUY v\u1edbi h\u01a1n 15 n\u0103m kinh nghi\u1ec7m trong l\u0129nh v\u1ef1c cung c\u1ea5p thi\u1ebft b\u1ecb v\u00e0 gi\u1ea3i ph\u00e1p cho Gi\u00e1o d\u1ee5c, V\u0103n ph\u00f2ng. M\u1ee5c ti\u00eau tr\u1edf th\u00e0nh nh\u00e0 nh\u1eadp kh\u1ea9u v\u00e0 ph\u00e2n ph\u1ed1i h\u00e0ng \u0111\u1ea7u Vi\u1ec7t Nam v\u1ec1 gi\u1ea3i ph\u00e1p, thi\u1ebft b\u1ecb gi\u00e1o d\u1ee5c, gi\u1ea3i ph\u00e1p thi\u1ec3t b\u1ecb qu\u1ea3n l\u00fd nh\u00e2n\" \/>\n<meta property=\"og:url\" content=\"https:\/\/ttc-techedu.vn\/gioi-thieu\/\" \/>\n<meta property=\"og:site_name\" content=\"C\u00d4NG TY C\u00d4\u0309 PH\u00c2\u0300N \u0110\u00c2\u0300U T\u01af C\u00d4NG NGH\u00ca\u0323 GIA\u0301O DU\u0323C VA\u0300 TH\u01af\u01a0NG MA\u0323I TTC\" \/>\n<meta property=\"article:modified_time\" content=\"2021-04-15T03:27:51+00:00\" \/>\n<meta property=\"og:image\" content=\"http:\/\/31143.nhandh.vinawebsite.vn\/wp-content\/uploads\/2021\/04\/gioi-thieu-16.jpg\" \/>\n<meta name=\"twitter:card\" content=\"summary_large_image\" \/>\n<meta name=\"twitter:label1\" content=\"Est. reading time\" \/>\n\t<meta name=\"twitter:data1\" content=\"3 minutes\" \/>\n<script type=\"application\/ld+json\" class=\"yoast-schema-graph\">{\"@context\":\"https:\/\/schema.org\",\"@graph\":[{\"@type\":\"WebPage\",\"@id\":\"https:\/\/ttc-techedu.vn\/gioi-thieu\/\",\"url\":\"https:\/\/ttc-techedu.vn\/gioi-thieu\/\",\"name\":\"Introduce - C\u00d4NG TY C\u00d4\u0309 PH\u00c2\u0300N \u0110\u00c2\u0300U T\u01af C\u00d4NG NGH\u00ca\u0323 GIA\u0301O DU\u0323C VA\u0300 TH\u01af\u01a0NG MA\u0323I TTC\",\"isPartOf\":{\"@id\":\"https:\/\/ttc-techedu.vn\/#website\"},\"primaryImageOfPage\":{\"@id\":\"https:\/\/ttc-techedu.vn\/gioi-thieu\/#primaryimage\"},\"image\":{\"@id\":\"https:\/\/ttc-techedu.vn\/gioi-thieu\/#primaryimage\"},\"thumbnailUrl\":\"http:\/\/31143.nhandh.vinawebsite.vn\/wp-content\/uploads\/2021\/04\/gioi-thieu-16.jpg\",\"datePublished\":\"2021-04-12T02:40:35+00:00\",\"dateModified\":\"2021-04-15T03:27:51+00:00\",\"breadcrumb\":{\"@id\":\"https:\/\/ttc-techedu.vn\/gioi-thieu\/#breadcrumb\"},\"inLanguage\":\"en-US\",\"potentialAction\":[{\"@type\":\"ReadAction\",\"target\":[\"https:\/\/ttc-techedu.vn\/gioi-thieu\/\"]}]},{\"@type\":\"ImageObject\",\"inLanguage\":\"en-US\",\"@id\":\"https:\/\/ttc-techedu.vn\/gioi-thieu\/#primaryimage\",\"url\":\"http:\/\/31143.nhandh.vinawebsite.vn\/wp-content\/uploads\/2021\/04\/gioi-thieu-16.jpg\",\"contentUrl\":\"http:\/\/31143.nhandh.vinawebsite.vn\/wp-content\/uploads\/2021\/04\/gioi-thieu-16.jpg\"},{\"@type\":\"BreadcrumbList\",\"@id\":\"https:\/\/ttc-techedu.vn\/gioi-thieu\/#breadcrumb\",\"itemListElement\":[{\"@type\":\"ListItem\",\"position\":1,\"name\":\"Home\",\"item\":\"https:\/\/ttc-techedu.vn\/\"},{\"@type\":\"ListItem\",\"position\":2,\"name\":\"Introduce\"}]},{\"@type\":\"WebSite\",\"@id\":\"https:\/\/ttc-techedu.vn\/#website\",\"url\":\"https:\/\/ttc-techedu.vn\/\",\"name\":\"C\u00d4NG TY C\u00d4\u0309 PH\u00c2\u0300N \u0110\u00c2\u0300U T\u01af C\u00d4NG NGH\u00ca\u0323 GIA\u0301O DU\u0323C VA\u0300 TH\u01af\u01a0NG MA\u0323I TTC\",\"description\":\"M\u1ed9t trang web m\u1edbi s\u1eed d\u1ee5ng WordPress\",\"potentialAction\":[{\"@type\":\"SearchAction\",\"target\":{\"@type\":\"EntryPoint\",\"urlTemplate\":\"https:\/\/ttc-techedu.vn\/?s={search_term_string}\"},\"query-input\":{\"@type\":\"PropertyValueSpecification\",\"valueRequired\":true,\"valueName\":\"search_term_string\"}}],\"inLanguage\":\"en-US\"}]}<\/script>\n<!-- \/ Yoast SEO plugin. -->","yoast_head_json":{"title":"Introduce - C\u00d4NG TY C\u00d4\u0309 PH\u00c2\u0300N \u0110\u00c2\u0300U T\u01af C\u00d4NG NGH\u00ca\u0323 GIA\u0301O DU\u0323C VA\u0300 TH\u01af\u01a0NG MA\u0323I TTC","robots":{"index":"index","follow":"follow","max-snippet":"max-snippet:-1","max-image-preview":"max-image-preview:large","max-video-preview":"max-video-preview:-1"},"canonical":"https:\/\/ttc-techedu.vn\/gioi-thieu\/","og_locale":"en_US","og_type":"article","og_title":"Introduce - C\u00d4NG TY C\u00d4\u0309 PH\u00c2\u0300N \u0110\u00c2\u0300U T\u01af C\u00d4NG NGH\u00ca\u0323 GIA\u0301O DU\u0323C VA\u0300 TH\u01af\u01a0NG MA\u0323I TTC","og_description":"Gi\u1edbi thi\u1ec7u LogicBUY C\u00f4ng ty LogicBUY v\u1edbi h\u01a1n 15 n\u0103m kinh nghi\u1ec7m trong l\u0129nh v\u1ef1c cung c\u1ea5p thi\u1ebft b\u1ecb v\u00e0 gi\u1ea3i ph\u00e1p cho Gi\u00e1o d\u1ee5c, V\u0103n ph\u00f2ng. M\u1ee5c ti\u00eau tr\u1edf th\u00e0nh nh\u00e0 nh\u1eadp kh\u1ea9u v\u00e0 ph\u00e2n ph\u1ed1i h\u00e0ng \u0111\u1ea7u Vi\u1ec7t Nam v\u1ec1 gi\u1ea3i ph\u00e1p, thi\u1ebft b\u1ecb gi\u00e1o d\u1ee5c, gi\u1ea3i ph\u00e1p thi\u1ec3t b\u1ecb qu\u1ea3n l\u00fd nh\u00e2n","og_url":"https:\/\/ttc-techedu.vn\/gioi-thieu\/","og_site_name":"C\u00d4NG TY C\u00d4\u0309 PH\u00c2\u0300N \u0110\u00c2\u0300U T\u01af C\u00d4NG NGH\u00ca\u0323 GIA\u0301O DU\u0323C VA\u0300 TH\u01af\u01a0NG MA\u0323I TTC","article_modified_time":"2021-04-15T03:27:51+00:00","og_image":[{"url":"http:\/\/31143.nhandh.vinawebsite.vn\/wp-content\/uploads\/2021\/04\/gioi-thieu-16.jpg","type":"","width":"","height":""}],"twitter_card":"summary_large_image","twitter_misc":{"Est. reading time":"3 minutes"},"schema":{"@context":"https:\/\/schema.org","@graph":[{"@type":"WebPage","@id":"https:\/\/ttc-techedu.vn\/gioi-thieu\/","url":"https:\/\/ttc-techedu.vn\/gioi-thieu\/","name":"Introduce - C\u00d4NG TY C\u00d4\u0309 PH\u00c2\u0300N \u0110\u00c2\u0300U T\u01af C\u00d4NG NGH\u00ca\u0323 GIA\u0301O DU\u0323C VA\u0300 TH\u01af\u01a0NG MA\u0323I TTC","isPartOf":{"@id":"https:\/\/ttc-techedu.vn\/#website"},"primaryImageOfPage":{"@id":"https:\/\/ttc-techedu.vn\/gioi-thieu\/#primaryimage"},"image":{"@id":"https:\/\/ttc-techedu.vn\/gioi-thieu\/#primaryimage"},"thumbnailUrl":"http:\/\/31143.nhandh.vinawebsite.vn\/wp-content\/uploads\/2021\/04\/gioi-thieu-16.jpg","datePublished":"2021-04-12T02:40:35+00:00","dateModified":"2021-04-15T03:27:51+00:00","breadcrumb":{"@id":"https:\/\/ttc-techedu.vn\/gioi-thieu\/#breadcrumb"},"inLanguage":"en-US","potentialAction":[{"@type":"ReadAction","target":["https:\/\/ttc-techedu.vn\/gioi-thieu\/"]}]},{"@type":"ImageObject","inLanguage":"en-US","@id":"https:\/\/ttc-techedu.vn\/gioi-thieu\/#primaryimage","url":"http:\/\/31143.nhandh.vinawebsite.vn\/wp-content\/uploads\/2021\/04\/gioi-thieu-16.jpg","contentUrl":"http:\/\/31143.nhandh.vinawebsite.vn\/wp-content\/uploads\/2021\/04\/gioi-thieu-16.jpg"},{"@type":"BreadcrumbList","@id":"https:\/\/ttc-techedu.vn\/gioi-thieu\/#breadcrumb","itemListElement":[{"@type":"ListItem","position":1,"name":"Home","item":"https:\/\/ttc-techedu.vn\/"},{"@type":"ListItem","position":2,"name":"Introduce"}]},{"@type":"WebSite","@id":"https:\/\/ttc-techedu.vn\/#website","url":"https:\/\/ttc-techedu.vn\/","name":"C\u00d4NG TY C\u00d4\u0309 PH\u00c2\u0300N \u0110\u00c2\u0300U T\u01af C\u00d4NG NGH\u00ca\u0323 GIA\u0301O DU\u0323C VA\u0300 TH\u01af\u01a0NG MA\u0323I TTC","description":"M\u1ed9t trang web m\u1edbi s\u1eed d\u1ee5ng WordPress","potentialAction":[{"@type":"SearchAction","target":{"@type":"EntryPoint","urlTemplate":"https:\/\/ttc-techedu.vn\/?s={search_term_string}"},"query-input":{"@type":"PropertyValueSpecification","valueRequired":true,"valueName":"search_term_string"}}],"inLanguage":"en-US"}]}},"_links":{"self":[{"href":"https:\/\/ttc-techedu.vn\/en\/wp-json\/wp\/v2\/pages\/576","targetHints":{"allow":["GET"]}}],"collection":[{"href":"https:\/\/ttc-techedu.vn\/en\/wp-json\/wp\/v2\/pages"}],"about":[{"href":"https:\/\/ttc-techedu.vn\/en\/wp-json\/wp\/v2\/types\/page"}],"author":[{"embeddable":true,"href":"https:\/\/ttc-techedu.vn\/en\/wp-json\/wp\/v2\/users\/1"}],"replies":[{"embeddable":true,"href":"https:\/\/ttc-techedu.vn\/en\/wp-json\/wp\/v2\/comments?post=576"}],"version-history":[{"count":1,"href":"https:\/\/ttc-techedu.vn\/en\/wp-json\/wp\/v2\/pages\/576\/revisions"}],"predecessor-version":[{"id":582,"href":"https:\/\/ttc-techedu.vn\/en\/wp-json\/wp\/v2\/pages\/576\/revisions\/582"}],"wp:attachment":[{"href":"https:\/\/ttc-techedu.vn\/en\/wp-json\/wp\/v2\/media?parent=576"}],"curies":[{"name":"wp","href":"https:\/\/api.w.org\/{rel}","templated":true}]}}